{"id":1033,"date":"2023-04-18T21:32:11","date_gmt":"2023-04-18T19:32:11","guid":{"rendered":"https:\/\/klassenkarte.de\/?page_id=1033"},"modified":"2023-04-26T09:05:27","modified_gmt":"2023-04-26T07:05:27","slug":"zum","status":"publish","type":"page","link":"https:\/\/klassenkarte.de\/index.php\/ki\/zum\/","title":{"rendered":"Demonstrator f\u00fcr maschinelles Lernen"},"content":{"rendered":"\n<p>Der Demonstrator f\u00fcr maschinelles Lernen wurde im Rahmen des Arbeitskreises KI des ISB und der ALP f\u00fcr die Umsetzung des LehrplanPLUS in der 11. Jahrgangsstufe entwickelt. Das Programm setzt eine m\u00f6glichst aktuelle Java-Version voraus, mindestens Version 8. Folgende Themen k\u00f6nnen damit behandelt werden:<\/p>\n\n\n\n<ul class=\"wp-block-list\">\n<li>k-n\u00e4chste-Nachbarn-Algorithmus (u.a. auch Bestimmung des Hyperparameters k)<\/li>\n\n\n\n<li>Einfaches Perzeptron (mit Delta-Lernregel)<\/li>\n<\/ul>\n\n\n\n<p>Die Traingsdaten k\u00f6nnen aus einer CSV-Datei eingelesen werden. Ein weiteres Szenario ist die Sprachenerkennung (siehe <a href=\"https:\/\/mebis.link\/gwrGdq\">ISB-Handreichung<\/a>). Hierf\u00fcr k\u00f6nnen Textdateien in den jeweiligen Verzeichnissen abgelegt werden.<\/p>\n\n\n\n<p>Erkl\u00e4rvideo auf Youtube: <br><a href=\"https:\/\/youtu.be\/lSPpGJyKeL0\">https:\/\/youtu.be\/lSPpGJyKeL0<\/a><\/p>\n\n\n\n<p>Downloadlink f\u00fcr den Demonstrator (Zip-Datei muss vor Benutzung extrahiert werden):<br><a href=\"https:\/\/klassenkarte.de\/wp-content\/uploads\/2023\/04\/Demonstrator-fuer-maschinelles-Lernen-2023-04-26.zip\">[Link<\/a><a href=\"https:\/\/klassenkarte.de\/wp-content\/uploads\/2023\/04\/Demonstrator-fuer-maschinelles-Lernen-2023-04-11.zip\">]<\/a><\/p>\n\n\n\n<p><strong><em>Wichtiger Hinweis f\u00fcr MacOS-Nutzer:<\/em><\/strong><br>Der Javalauncher muss die n\u00f6tigen Dateizugriffsrechte haben, da ansonsten die Trainingsdaten nicht geladen werden k\u00f6nnen. In diesem Fall erscheinen nach dem Start alle Schaltfl\u00e4chen grau. Es gibt <a href=\"https:\/\/klassenkarte.de\/index.php\/2023\/04\/26\/loesung-fuer-zugriffsrechteproblem-beim-demonstrator-unter-macos\/#more-1073\">hier eine Anleitung<\/a>, wie man die Dateizugriffsrechte richtig konfiguriert.<\/p>\n\n\n\n<h3 class=\"wp-block-heading\">Changelog<\/h3>\n\n\n\n<h4 class=\"wp-block-heading\">2023-04-26<\/h4>\n\n\n\n<ul class=\"wp-block-list\">\n<li>Fehler bei Dateizugriffen auf MacOS und Linux korrigiert.<\/li>\n\n\n\n<li>Fehlermeldung mit Verweis auf Anleitung bei m\u00f6glicherweise fehlenden Dateizugriffen erg\u00e4nzt.<\/li>\n\n\n\n<li>Erg\u00e4nzungen in den Trainingsdaten entfernt, da sie urspr\u00fcnglich nur zu Testzwecken dienten.<\/li>\n<\/ul>\n","protected":false},"excerpt":{"rendered":"<p>Der Demonstrator f\u00fcr maschinelles Lernen wurde im Rahmen des Arbeitskreises KI des ISB und der ALP f\u00fcr die Umsetzung des LehrplanPLUS in der 11. Jahrgangsstufe entwickelt. Das Programm setzt eine m\u00f6glichst aktuelle Java-Version voraus, mindestens Version 8. Folgende Themen k\u00f6nnen &hellip; <a href=\"https:\/\/klassenkarte.de\/index.php\/ki\/zum\/\">Weiterlesen <span class=\"meta-nav\">&rarr;<\/span><\/a><\/p>\n","protected":false},"author":1,"featured_media":0,"parent":1016,"menu_order":0,"comment_status":"closed","ping_status":"closed","template":"","meta":{"footnotes":""},"class_list":["post-1033","page","type-page","status-publish","hentry"],"_links":{"self":[{"href":"https:\/\/klassenkarte.de\/index.php\/wp-json\/wp\/v2\/pages\/1033","targetHints":{"allow":["GET"]}}],"collection":[{"href":"https:\/\/klassenkarte.de\/index.php\/wp-json\/wp\/v2\/pages"}],"about":[{"href":"https:\/\/klassenkarte.de\/index.php\/wp-json\/wp\/v2\/types\/page"}],"author":[{"embeddable":true,"href":"https:\/\/klassenkarte.de\/index.php\/wp-json\/wp\/v2\/users\/1"}],"replies":[{"embeddable":true,"href":"https:\/\/klassenkarte.de\/index.php\/wp-json\/wp\/v2\/comments?post=1033"}],"version-history":[{"count":6,"href":"https:\/\/klassenkarte.de\/index.php\/wp-json\/wp\/v2\/pages\/1033\/revisions"}],"predecessor-version":[{"id":1089,"href":"https:\/\/klassenkarte.de\/index.php\/wp-json\/wp\/v2\/pages\/1033\/revisions\/1089"}],"up":[{"embeddable":true,"href":"https:\/\/klassenkarte.de\/index.php\/wp-json\/wp\/v2\/pages\/1016"}],"wp:attachment":[{"href":"https:\/\/klassenkarte.de\/index.php\/wp-json\/wp\/v2\/media?parent=1033"}],"curies":[{"name":"wp","href":"https:\/\/api.w.org\/{rel}","templated":true}]}}