{"id":1091,"date":"2023-05-17T13:20:19","date_gmt":"2023-05-17T11:20:19","guid":{"rendered":"https:\/\/klassenkarte.de\/?page_id=1091"},"modified":"2023-05-28T19:14:35","modified_gmt":"2023-05-28T17:14:35","slug":"unterrichtsmaterial","status":"publish","type":"page","link":"https:\/\/klassenkarte.de\/index.php\/ki\/unravel\/unterrichtsmaterial\/","title":{"rendered":"Unterrichtsmaterial"},"content":{"rendered":"\n<h2 class=\"wp-block-heading\">Lizenz<\/h2>\n\n\n\n<p>S\u00e4mtliches Material kann frei f\u00fcr den Unterricht eingesetzt werden und steht unter einer <a href=\"https:\/\/creativecommons.org\/\">Creative-Commons-Lizenz<\/a>. Es wurde bewusst das editierbare DOCX-Format gew\u00e4hlt, damit Sie das Material entsprechend Ihren w\u00fcnschen anpassen k\u00f6nnen. <\/p>\n\n\n\n<h2 class=\"wp-block-heading\">Aufbau eines Systems zur Klassifikation von Bildern (Arbeitsbl\u00e4tter)<\/h2>\n\n\n\n<div class=\"wp-block-file\"><a id=\"wp-block-file--media-132174e3-2e5d-43cc-9522-fdb8affdcbc5\" href=\"https:\/\/klassenkarte.de\/wp-content\/uploads\/2023\/05\/Aufbau-Bilderkennungssystem.docx\">Aufbau Bilderkennungssystem.docx<\/a><a href=\"https:\/\/klassenkarte.de\/wp-content\/uploads\/2023\/05\/Aufbau-Bilderkennungssystem.docx\" class=\"wp-block-file__button wp-element-button\" download aria-describedby=\"wp-block-file--media-132174e3-2e5d-43cc-9522-fdb8affdcbc5\">Herunterladen<\/a><\/div>\n\n\n\n<div class=\"wp-block-file\"><a id=\"wp-block-file--media-1e61de80-857d-4250-813d-89a9ac114a66\" href=\"https:\/\/klassenkarte.de\/wp-content\/uploads\/2023\/05\/Komponenten-Bilderkennungssystem-Unravel.docx\">Komponenten-Bilderkennungssystem-Unravel.docx<\/a><a href=\"https:\/\/klassenkarte.de\/wp-content\/uploads\/2023\/05\/Komponenten-Bilderkennungssystem-Unravel.docx\" class=\"wp-block-file__button wp-element-button\" download aria-describedby=\"wp-block-file--media-1e61de80-857d-4250-813d-89a9ac114a66\">Herunterladen<\/a><\/div>\n\n\n\n<h2 class=\"wp-block-heading\">Sch\u00fclermaterial zu den einzelnen Merkmalen<\/h2>\n\n\n\n<p><a href=\"https:\/\/klassenkarte.de\/download\/unravel\/schuelermateriel-merkmale.docx\">schuelermateriel-merkmale.docx<\/a> [<a href=\"https:\/\/klassenkarte.de\/download\/unravel\/schuelermateriel-merkmale.docx\">Herunterladen<\/a>]<\/p>\n","protected":false},"excerpt":{"rendered":"<p>Lizenz S\u00e4mtliches Material kann frei f\u00fcr den Unterricht eingesetzt werden und steht unter einer Creative-Commons-Lizenz. Es wurde bewusst das editierbare DOCX-Format gew\u00e4hlt, damit Sie das Material entsprechend Ihren w\u00fcnschen anpassen k\u00f6nnen. Aufbau eines Systems zur Klassifikation von Bildern (Arbeitsbl\u00e4tter) Sch\u00fclermaterial &hellip; <a href=\"https:\/\/klassenkarte.de\/index.php\/ki\/unravel\/unterrichtsmaterial\/\">Weiterlesen <span class=\"meta-nav\">&rarr;<\/span><\/a><\/p>\n","protected":false},"author":1,"featured_media":0,"parent":925,"menu_order":0,"comment_status":"closed","ping_status":"closed","template":"","meta":{"footnotes":""},"class_list":["post-1091","page","type-page","status-publish","hentry"],"_links":{"self":[{"href":"https:\/\/klassenkarte.de\/index.php\/wp-json\/wp\/v2\/pages\/1091","targetHints":{"allow":["GET"]}}],"collection":[{"href":"https:\/\/klassenkarte.de\/index.php\/wp-json\/wp\/v2\/pages"}],"about":[{"href":"https:\/\/klassenkarte.de\/index.php\/wp-json\/wp\/v2\/types\/page"}],"author":[{"embeddable":true,"href":"https:\/\/klassenkarte.de\/index.php\/wp-json\/wp\/v2\/users\/1"}],"replies":[{"embeddable":true,"href":"https:\/\/klassenkarte.de\/index.php\/wp-json\/wp\/v2\/comments?post=1091"}],"version-history":[{"count":7,"href":"https:\/\/klassenkarte.de\/index.php\/wp-json\/wp\/v2\/pages\/1091\/revisions"}],"predecessor-version":[{"id":1106,"href":"https:\/\/klassenkarte.de\/index.php\/wp-json\/wp\/v2\/pages\/1091\/revisions\/1106"}],"up":[{"embeddable":true,"href":"https:\/\/klassenkarte.de\/index.php\/wp-json\/wp\/v2\/pages\/925"}],"wp:attachment":[{"href":"https:\/\/klassenkarte.de\/index.php\/wp-json\/wp\/v2\/media?parent=1091"}],"curies":[{"name":"wp","href":"https:\/\/api.w.org\/{rel}","templated":true}]}}