{"id":131,"date":"2012-08-29T23:26:38","date_gmt":"2012-08-29T21:26:38","guid":{"rendered":"http:\/\/klassenkarte.de\/?page_id=131"},"modified":"2021-06-08T10:47:56","modified_gmt":"2021-06-08T08:47:56","slug":"beispiele","status":"publish","type":"page","link":"https:\/\/klassenkarte.de\/index.php\/orinoco\/beispiele\/","title":{"rendered":"Beispiele"},"content":{"rendered":"\n<h2 class=\"wp-block-heading\"><a title=\"Bedienung von Orinoco\" href=\"http:\/\/klassenkarte.de\/?page_id=135\"><strong>Bedienung von Orinoco (Video)<\/strong><\/a><\/h2>\n\n\n\n<p>Anhand eines einfachen Beispiels wird gezeigt, wie man mit Orinoco ein Datenflussdiagramm zeichnet. Danach wird f\u00fcr Eingaben entsprechende Ausgaben berechnet und das Datenflussdiagramm in die Termnotation umgewandelt.<\/p>\n\n\n\n<h1 class=\"wp-block-heading\"><a title=\"Wiederverwendung selbst definierter Funktionen\" href=\"http:\/\/klassenkarte.de\/?page_id=141\">Verwendung selbst definierter Funktionen<\/a><\/h1>\n\n\n\n<p>Es wird gezeigt, wie man die Zylinderoberfl\u00e4che berechnen kann, in dem man zuerst Funktionen f\u00fcr die Kreisfl\u00e4che, Kreisumfang und Rechtecksfl\u00e4che definiert und dann einbindet.<\/p>\n\n\n\n<h1 class=\"wp-block-heading\"><a title=\"Rekursive Funktionen\" href=\"http:\/\/klassenkarte.de\/?page_id=178\">Definition rekursiver Funktionen<\/a><\/h1>\n\n\n\n<p>Mit Orinoco k\u00f6nnen sehr einfach rekursive Funktionen selber definiert werden. Dies wird am Beispiel der Fakult\u00e4tsfunktion gezeigt.<\/p>\n","protected":false},"excerpt":{"rendered":"<p>\t\t\t\t<![CDATA[]]>\t\t <a href=\"https:\/\/klassenkarte.de\/index.php\/orinoco\/beispiele\/\">Weiterlesen <span class=\"meta-nav\">&rarr;<\/span><\/a><\/p>\n","protected":false},"author":1,"featured_media":652,"parent":15,"menu_order":250,"comment_status":"closed","ping_status":"open","template":"","meta":{"footnotes":""},"class_list":["post-131","page","type-page","status-publish","has-post-thumbnail","hentry"],"_links":{"self":[{"href":"https:\/\/klassenkarte.de\/index.php\/wp-json\/wp\/v2\/pages\/131","targetHints":{"allow":["GET"]}}],"collection":[{"href":"https:\/\/klassenkarte.de\/index.php\/wp-json\/wp\/v2\/pages"}],"about":[{"href":"https:\/\/klassenkarte.de\/index.php\/wp-json\/wp\/v2\/types\/page"}],"author":[{"embeddable":true,"href":"https:\/\/klassenkarte.de\/index.php\/wp-json\/wp\/v2\/users\/1"}],"replies":[{"embeddable":true,"href":"https:\/\/klassenkarte.de\/index.php\/wp-json\/wp\/v2\/comments?post=131"}],"version-history":[{"count":3,"href":"https:\/\/klassenkarte.de\/index.php\/wp-json\/wp\/v2\/pages\/131\/revisions"}],"predecessor-version":[{"id":937,"href":"https:\/\/klassenkarte.de\/index.php\/wp-json\/wp\/v2\/pages\/131\/revisions\/937"}],"up":[{"embeddable":true,"href":"https:\/\/klassenkarte.de\/index.php\/wp-json\/wp\/v2\/pages\/15"}],"wp:featuredmedia":[{"embeddable":true,"href":"https:\/\/klassenkarte.de\/index.php\/wp-json\/wp\/v2\/media\/652"}],"wp:attachment":[{"href":"https:\/\/klassenkarte.de\/index.php\/wp-json\/wp\/v2\/media?parent=131"}],"curies":[{"name":"wp","href":"https:\/\/api.w.org\/{rel}","templated":true}]}}