{"id":18,"date":"2012-08-27T04:00:38","date_gmt":"2012-08-27T02:00:38","guid":{"rendered":"http:\/\/klassenkarte.de\/?page_id=18"},"modified":"2023-05-20T15:33:02","modified_gmt":"2023-05-20T13:33:02","slug":"audes","status":"publish","type":"page","link":"https:\/\/klassenkarte.de\/index.php\/tools\/audes\/","title":{"rendered":"AuDeS"},"content":{"rendered":"<p>Im Rahmen eines Seminararbeit wurde am <![CDATA[Im Rahmen einer Hausarbeit des Informatik-Seminars 08\/10 am <a title=\"AKG-Schwabach\" href=\"http:\/\/www.akg-schwabach.de\/top\/\" target=\"_blank\" rel=\"noopener\">Adam-Kraft-Gymnasium in Schwabach das Werkzeug <em>AuDeS &#8211; Automaten Designer f\u00fcr Sch\u00fcler<\/em> entwickelt. Mit diesem k\u00f6nnen Sch\u00fclerinnen und Sch\u00fcler selbst\u00e4ndig ein Zustands\u00fcbergangsdiagramm mit Hilfe einer intuitiv zu bedienenden, graphischen Benutzeroberfl\u00e4che zeichnen und gleichzeitig lernen, wie man dieses Diagramm in eine Zustands\u00fcbergangstabelle und in ein Java-Programm umsetzt. Das Programm soll auch dem Lehrenden bei den Unterrichtsvorbereitungen und Vorf\u00fchrungen behilflich sein.<\/p>\n<p>\u00a0<\/p>\n\n\n<p><\/p>\n","protected":false},"excerpt":{"rendered":"<p>\t\t\t\t<![CDATA[]]>\t\t <a href=\"https:\/\/klassenkarte.de\/index.php\/tools\/audes\/\">Weiterlesen <span class=\"meta-nav\">&rarr;<\/span><\/a><\/p>\n","protected":false},"author":1,"featured_media":631,"parent":543,"menu_order":2000,"comment_status":"closed","ping_status":"closed","template":"","meta":{"footnotes":""},"class_list":["post-18","page","type-page","status-publish","has-post-thumbnail","hentry"],"_links":{"self":[{"href":"https:\/\/klassenkarte.de\/index.php\/wp-json\/wp\/v2\/pages\/18","targetHints":{"allow":["GET"]}}],"collection":[{"href":"https:\/\/klassenkarte.de\/index.php\/wp-json\/wp\/v2\/pages"}],"about":[{"href":"https:\/\/klassenkarte.de\/index.php\/wp-json\/wp\/v2\/types\/page"}],"author":[{"embeddable":true,"href":"https:\/\/klassenkarte.de\/index.php\/wp-json\/wp\/v2\/users\/1"}],"replies":[{"embeddable":true,"href":"https:\/\/klassenkarte.de\/index.php\/wp-json\/wp\/v2\/comments?post=18"}],"version-history":[{"count":2,"href":"https:\/\/klassenkarte.de\/index.php\/wp-json\/wp\/v2\/pages\/18\/revisions"}],"predecessor-version":[{"id":1097,"href":"https:\/\/klassenkarte.de\/index.php\/wp-json\/wp\/v2\/pages\/18\/revisions\/1097"}],"up":[{"embeddable":true,"href":"https:\/\/klassenkarte.de\/index.php\/wp-json\/wp\/v2\/pages\/543"}],"wp:featuredmedia":[{"embeddable":true,"href":"https:\/\/klassenkarte.de\/index.php\/wp-json\/wp\/v2\/media\/631"}],"wp:attachment":[{"href":"https:\/\/klassenkarte.de\/index.php\/wp-json\/wp\/v2\/media?parent=18"}],"curies":[{"name":"wp","href":"https:\/\/api.w.org\/{rel}","templated":true}]}}