{"id":273,"date":"2014-08-27T18:02:30","date_gmt":"2014-08-27T16:02:30","guid":{"rendered":"http:\/\/klassenkarte.de\/?page_id=273"},"modified":"2023-04-11T10:57:10","modified_gmt":"2023-04-11T08:57:10","slug":"youngdb","status":"publish","type":"page","link":"https:\/\/klassenkarte.de\/index.php\/tools\/youngdb\/","title":{"rendered":"YoungDB"},"content":{"rendered":"<p><![CDATA[\n\n<h1]]>Merkmale Bei YoungDB handelt es sich um ein neu entwickeltes Werkzeug, das f\u00fcr den Informatikunterricht der neunten Jahrgangsstufe an bayerischen Gymnasien ausgerichtet ist. Es besitzt folgende Eigenschaften:<\/p>\n<ul>\n<li>Modellierungstool f\u00fcr Klassendiagrammen:\n<ul>\n<li>Grafische intuitive Bedienungsoberfl\u00e4che<\/li>\n<li>Klassenkarten mit definierbaren Namen, Attributen, Datentypen und Schl\u00fcsseln<\/li>\n<li>Frei w\u00e4hlbare Beziehungen mit Namen, und Kardinalit\u00e4ten (1:1, 1:n und n:m)<\/li>\n<\/ul>\n<\/li>\n<li>Automatische Umwandlung des Diagramms in ein relationales Datenbankmodell\n<ul>\n<li>Generieung von Tabellenschemen<\/li>\n<li>Exportfunktionen f\u00fcr MySQL und Access<\/li>\n<li>Erstellung einer internen YoungDB-Datenbank<\/li>\n<\/ul>\n<\/li>\n<li>Ein internes Datenbanksystem\n<ul>\n<li>Eingabem\u00f6glichkeit der Daten in Tabellen<\/li>\n<li>Wahrung der referentiellen Integrit\u00e4t<\/li>\n<li>Ausf\u00fchrung von einfachen SELECT-Befehlen.<\/li>\n<\/ul>\n<\/li>\n<\/ul>\n<p>Das Programm befindet sich entwicklungstechnisch aktuell noch im Betastadium, da es bisher noch nicht im Schuleinsatz getestet worden ist.<\/p>\n<h1>Hinweise zur Bedienung<\/h1>\n<ul>\n<li>Eine Klasse kann editiert werden, in dem man einen Doppelklick darauf ausf\u00fchrt. Attribute k\u00f6nnen in dem sich \u00f6ffnenden Men\u00fc auch verschoben werden, in dem man den linken Doppelpfeil zieht.<\/li>\n<li>Eine Beziehung zeichnet man ein, in dem man mit der gedr\u00fcckten rechten Maustaste die Maus von der ausgehenden Klasse bis zur Zielklasse zieht. Die Verbindungslinen starten und enden an den Stellen wo man zum ziehen beginnt bzw. endet.<\/li>\n<li>Eine Beziehung kann editiert werden, in dem man entweder auf einen Endpunkt oder den Beziehungsnamen einen Doppelklick ausf\u00fchrt.<\/li>\n<li>Die Endpunkte k\u00f6nnen nachtr\u00e4glich noch verschoben werden.<\/li>\n<li>Zieht man einen Endpunkt ins Leere, so wird die Beziehung gel\u00f6scht.<\/li>\n<li>F\u00fcr die 11. Jahrgangsstufe (Informatik, NTG, Bayern) steht ein rudiment\u00e4rer Connector in Form von zwei Java-Klassen zur Verf\u00fcgung <a title=\"Zugriff von Java auf YoungDB-Datenbankdatei\" href=\"http:\/\/klassenkarte.de\/?page_id=341\">[Link zur Seite]<\/a>.<\/li>\n<\/ul>\n<h1>Haftungsausschluss<\/h1>\n<p>YoungDB ist nur f\u00fcr schulische Zwecke geeignet und darf daf\u00fcr kostenlos verwendet und weitergegeben werden. Keinesfalls ist das Programm f\u00fcr den Produktivbetrieb ausgelegt. Die Software wurde privat und ohne wirtschaftlichen Interessen entwickelt, weshalb eine Haftung seitens des Autors entf\u00e4llt.<\/p>\n<h1>Download und Installation<\/h1>\n<p>Das Programm bestehet aus einer einzigen ausf\u00fchrbaren Datei und ben\u00f6tigt somit keine Installationsroutine. Voraussetzung ist ein aktuellen Windows-Betriebssystem, auf dem .NET 4.0 installiert ist.<br \/>\nDownloadlink der Version vom 28.02.2022: <a href=\"https:\/\/klassenkarte.de\/download\/misc\/YoungDB_20220228.zip\">[Download]<\/a><\/p>\n","protected":false},"excerpt":{"rendered":"<p>\t\t\t\t<![CDATA[]]>\t\t <a href=\"https:\/\/klassenkarte.de\/index.php\/tools\/youngdb\/\">Weiterlesen <span class=\"meta-nav\">&rarr;<\/span><\/a><\/p>\n","protected":false},"author":1,"featured_media":668,"parent":543,"menu_order":2500,"comment_status":"closed","ping_status":"closed","template":"","meta":{"footnotes":""},"class_list":["post-273","page","type-page","status-publish","has-post-thumbnail","hentry"],"_links":{"self":[{"href":"https:\/\/klassenkarte.de\/index.php\/wp-json\/wp\/v2\/pages\/273","targetHints":{"allow":["GET"]}}],"collection":[{"href":"https:\/\/klassenkarte.de\/index.php\/wp-json\/wp\/v2\/pages"}],"about":[{"href":"https:\/\/klassenkarte.de\/index.php\/wp-json\/wp\/v2\/types\/page"}],"author":[{"embeddable":true,"href":"https:\/\/klassenkarte.de\/index.php\/wp-json\/wp\/v2\/users\/1"}],"replies":[{"embeddable":true,"href":"https:\/\/klassenkarte.de\/index.php\/wp-json\/wp\/v2\/comments?post=273"}],"version-history":[{"count":3,"href":"https:\/\/klassenkarte.de\/index.php\/wp-json\/wp\/v2\/pages\/273\/revisions"}],"predecessor-version":[{"id":987,"href":"https:\/\/klassenkarte.de\/index.php\/wp-json\/wp\/v2\/pages\/273\/revisions\/987"}],"up":[{"embeddable":true,"href":"https:\/\/klassenkarte.de\/index.php\/wp-json\/wp\/v2\/pages\/543"}],"wp:featuredmedia":[{"embeddable":true,"href":"https:\/\/klassenkarte.de\/index.php\/wp-json\/wp\/v2\/media\/668"}],"wp:attachment":[{"href":"https:\/\/klassenkarte.de\/index.php\/wp-json\/wp\/v2\/media?parent=273"}],"curies":[{"name":"wp","href":"https:\/\/api.w.org\/{rel}","templated":true}]}}