{"id":28,"date":"2012-08-27T23:08:58","date_gmt":"2012-08-27T21:08:58","guid":{"rendered":"http:\/\/klassenkarte.de\/?page_id=28"},"modified":"2020-09-28T08:47:26","modified_gmt":"2020-09-28T06:47:26","slug":"systemvoraussetzungen","status":"publish","type":"page","link":"https:\/\/klassenkarte.de\/index.php\/tools\/audes\/systemvoraussetzungen\/","title":{"rendered":"Systemvoraussetzungen"},"content":{"rendered":"<p><![CDATA[AuDeS l\u00e4uft auf Microsoft Windows Betriebsystemen und setzt .NET 3.5 voraus. Ab Windows Vista ist .NET 3.5 von vornherein installiert, bei Windows XP muss dieses manuell nachinstalliert werden. Dies kann man am einfachsten \u00fcber das Windows-Update bewerkstelligen oder \u00fcber die <a title=\".NET 3.5 download\" href=\"http:\/\/www.microsoft.com\/de-de\/download\/details.aspx?id=21\" target=\"_blank\" rel=\"noopener noreferrer\">Microsoft-Seite. Die Installation von AuDeS selber ist sehr einfach, man muss die .exe-Datei so abspeichern, dass diese vom PC aus aufrufbar ist. In Computerr\u00e4umen von Schulen existiert in der Regel ein Netzwerkverzeichnis f\u00fcr Software. Wenn man dort AuDeS platziert, dann ist das vollkommen ausreichend. Neben der ausf\u00fchrbaren Datei gibt es noch eine Konfigurationsdatei. Will man AuDeS zus\u00e4tzlich noch konfigurieren (was nicht zwingend notwendig ist), dann muss diese Datei im gleichen Verzeichnis wie audes.exe liegen.\n<\/p>\n","protected":false},"excerpt":{"rendered":"<p>\t\t\t\t<![CDATA[]]>\t\t <a href=\"https:\/\/klassenkarte.de\/index.php\/tools\/audes\/systemvoraussetzungen\/\">Weiterlesen <span class=\"meta-nav\">&rarr;<\/span><\/a><\/p>\n","protected":false},"author":1,"featured_media":631,"parent":18,"menu_order":100,"comment_status":"closed","ping_status":"open","template":"","meta":{"footnotes":""},"class_list":["post-28","page","type-page","status-publish","has-post-thumbnail","hentry"],"_links":{"self":[{"href":"https:\/\/klassenkarte.de\/index.php\/wp-json\/wp\/v2\/pages\/28","targetHints":{"allow":["GET"]}}],"collection":[{"href":"https:\/\/klassenkarte.de\/index.php\/wp-json\/wp\/v2\/pages"}],"about":[{"href":"https:\/\/klassenkarte.de\/index.php\/wp-json\/wp\/v2\/types\/page"}],"author":[{"embeddable":true,"href":"https:\/\/klassenkarte.de\/index.php\/wp-json\/wp\/v2\/users\/1"}],"replies":[{"embeddable":true,"href":"https:\/\/klassenkarte.de\/index.php\/wp-json\/wp\/v2\/comments?post=28"}],"version-history":[{"count":1,"href":"https:\/\/klassenkarte.de\/index.php\/wp-json\/wp\/v2\/pages\/28\/revisions"}],"predecessor-version":[{"id":735,"href":"https:\/\/klassenkarte.de\/index.php\/wp-json\/wp\/v2\/pages\/28\/revisions\/735"}],"up":[{"embeddable":true,"href":"https:\/\/klassenkarte.de\/index.php\/wp-json\/wp\/v2\/pages\/18"}],"wp:featuredmedia":[{"embeddable":true,"href":"https:\/\/klassenkarte.de\/index.php\/wp-json\/wp\/v2\/media\/631"}],"wp:attachment":[{"href":"https:\/\/klassenkarte.de\/index.php\/wp-json\/wp\/v2\/media?parent=28"}],"curies":[{"name":"wp","href":"https:\/\/api.w.org\/{rel}","templated":true}]}}