{"id":430,"date":"2019-02-24T23:02:56","date_gmt":"2019-02-24T21:02:56","guid":{"rendered":"http:\/\/klassenkarte.de\/?page_id=430"},"modified":"2022-08-07T10:21:48","modified_gmt":"2022-08-07T08:21:48","slug":"runcode","status":"publish","type":"page","link":"https:\/\/klassenkarte.de\/index.php\/runcode-2\/runcode\/","title":{"rendered":"Hinweise und Download"},"content":{"rendered":"<p><!--[CDATA[\n<\/p]]--><\/p>\n\n\n<p>Ziel der Software ist es, Lehrkr\u00e4fte bei der Umsetzung des Blocks \u201eAlgorithmen\u201c in der 7. Jahrgangsstufe (Lehrplan Bayern) zu unterst\u00fctzen. Sie basiert auf der Idee aus dem Buch <em>Karel the Robot: A Gentle Introduction to The Art of Programming<\/em> von Richard E. Pattis (1981). Daraus entstanden viele Ableger. Bei RunCode kann man einen Roboter durch eine prozedural generierte (und somit prinzipiell unendlich gro\u00dfe) Welt zu steuern. Der Roboter l\u00e4sst sich programmieren und somit k\u00f6nnen die Sch\u00fcler die Grundprinzipien des Programmierens spielerisch kennenlernen. Der Abenteuermodus steht noch nicht zur Verf\u00fcgung. Die Software kann hier kostenlos heruntergeladen und zu Bildungszwecken verwendet werden. Sie darf nicht ver\u00e4ndert oder gar verkauft werden.<\/p>\n\n\n\n<p>Systemvoraussetzungen:<\/p>\n\n\n\n<ul class=\"wp-block-list\"><li>Windows Betriebsystem<\/li><li>Eine Installation von .NET 4.5 (Diese ist in Windows 10 normalerweise mit inbegriffen).<\/li><\/ul>\n\n\n\n<p>Die Software kann hier heruntergalden werden: <a href=\"https:\/\/klassenkarte.de\/download\/runcode\/RunCode_20220807.zip\">[Download<\/a><a href=\"https:\/\/klassenkarte.de\/download\/runcode\/RunCode_20220228.zip\">]<\/a><\/p>\n\n\n\n<p>Bedienungsanleitung f\u00fcr Lehrkr\u00e4fte als PDF: <a href=\"http:\/\/klassenkarte.de\/wp-content\/uploads\/2019\/02\/Anleitung-RunCode.pdf\">[Do<\/a><a href=\"https:\/\/klassenkarte.de\/wp-content\/uploads\/2019\/02\/Anleitung-RunCode.pdf\">wnload<\/a><a href=\"http:\/\/klassenkarte.de\/wp-content\/uploads\/2019\/02\/Anleitung-RunCode.pdf\">]<\/a><\/p>\n\n\n\n<p>Bedienungshinweise:<\/p>\n\n\n\n<ul class=\"wp-block-list\"><li>H\u00e4lt man die linke Maustaste auf dem Spielfeld gedr\u00fcckt, so kann man die Kameraposition bewegen. Mit dem Mausrad kann man zoomen.<\/li><li>Der Roboter kann mit den Tasten A (linksdrehen) D (rechtsdrehen) und W (Schritt nach vorne) manuell gesteuert werden.<\/li><li>Das Programm enth\u00e4lt eine Anleitung der Minisprache.<\/li><li>Virenscanner schlagen wahrscheinlich beim Ausf\u00fchren Alarm, da die Quelle der Datei als unsicher eingestuft wird. Ich m\u00fcsste mich als Hersteller zertifizieren lassen um dies zu verhindern. Da dies aber mit nicht unerheblichen Kosten verbunden ist und RunCode umsonst ist, habe ich mich dazu bisher nicht durchringen k\u00f6nnen.<\/li><\/ul>\n\n\n\n<p>Ein paar Themen die alsbald angegangen werden:<\/p>\n\n\n\n<ul class=\"wp-block-list\"><li>Speicherung der aktuellen Welt als Datei<\/li><li>Fluten von zu gro\u00dfen Bereichen f\u00fchrt zum Programmabsturz.<\/li><\/ul>\n\n\n\n<iframe loading=\"lazy\" src=\"https:\/\/www.youtube.com\/embed\/_fvRLVjczZ4\" allow=\"accelerometer; autoplay; encrypted-media; gyroscope; picture-in-picture\" allowfullscreen=\"\" width=\"560\" height=\"315\" frameborder=\"0\"><\/iframe>\n","protected":false},"excerpt":{"rendered":"<p>\t\t\t\t<![CDATA[]]>\t\t <a href=\"https:\/\/klassenkarte.de\/index.php\/runcode-2\/runcode\/\">Weiterlesen <span class=\"meta-nav\">&rarr;<\/span><\/a><\/p>\n","protected":false},"author":1,"featured_media":701,"parent":494,"menu_order":10,"comment_status":"closed","ping_status":"closed","template":"","meta":{"footnotes":""},"class_list":["post-430","page","type-page","status-publish","has-post-thumbnail","hentry"],"_links":{"self":[{"href":"https:\/\/klassenkarte.de\/index.php\/wp-json\/wp\/v2\/pages\/430","targetHints":{"allow":["GET"]}}],"collection":[{"href":"https:\/\/klassenkarte.de\/index.php\/wp-json\/wp\/v2\/pages"}],"about":[{"href":"https:\/\/klassenkarte.de\/index.php\/wp-json\/wp\/v2\/types\/page"}],"author":[{"embeddable":true,"href":"https:\/\/klassenkarte.de\/index.php\/wp-json\/wp\/v2\/users\/1"}],"replies":[{"embeddable":true,"href":"https:\/\/klassenkarte.de\/index.php\/wp-json\/wp\/v2\/comments?post=430"}],"version-history":[{"count":10,"href":"https:\/\/klassenkarte.de\/index.php\/wp-json\/wp\/v2\/pages\/430\/revisions"}],"predecessor-version":[{"id":1004,"href":"https:\/\/klassenkarte.de\/index.php\/wp-json\/wp\/v2\/pages\/430\/revisions\/1004"}],"up":[{"embeddable":true,"href":"https:\/\/klassenkarte.de\/index.php\/wp-json\/wp\/v2\/pages\/494"}],"wp:featuredmedia":[{"embeddable":true,"href":"https:\/\/klassenkarte.de\/index.php\/wp-json\/wp\/v2\/media\/701"}],"wp:attachment":[{"href":"https:\/\/klassenkarte.de\/index.php\/wp-json\/wp\/v2\/media?parent=430"}],"curies":[{"name":"wp","href":"https:\/\/api.w.org\/{rel}","templated":true}]}}