{"id":491,"date":"2019-02-25T15:44:50","date_gmt":"2019-02-25T13:44:50","guid":{"rendered":"http:\/\/klassenkarte.de\/?page_id=491"},"modified":"2020-09-28T08:56:36","modified_gmt":"2020-09-28T06:56:36","slug":"lizenz","status":"publish","type":"page","link":"https:\/\/klassenkarte.de\/index.php\/runcode-2\/lizenz\/","title":{"rendered":"Lizenz"},"content":{"rendered":"<p><!--[CDATA[\n<\/p--><\/p>\n\n\n<p>RunCode kann kostenlos von der Internetseite <a href=\"http:\/\/klassenkarte.de\">http:\/\/klassenkarte.de<\/a> bezogen und kostenlos f\u00fcr Bildungszwecke genutzt werden. Die Software darf ohne schriftliche Erlaubnis des Autors nicht ver\u00e4ndert werden. Es wird keine Haftung f\u00fcr irgendwelche Sch\u00e4den \u00fcbernommen, die in Zusammenhang mit dieser Software entstehen. Ebenfalls werden keine Garantien bez\u00fcglich der Funktionsf\u00e4higkeit der Software gegeben.<\/p>\n\n\n\n<p>RunCode setzt auf der Monogame-Plattform (<a href=\"http:\/\/www.monogame.net\/\">http:\/\/www.monogame.net\/<\/a>) auf, die im\nProgrammverzeichnis mitgeliefert wird. Monogame steht unter der \u201eMicrosoft\nPublic License\u201c.<\/p>\n\n\n\n<p>Microsoft Public License (Ms-PL)<\/p>\n\n\n\n<p>MonoGame &#8211; Copyright \u00a9 2009-2019 The MonoGame Team<\/p>\n\n\n\n<p>All rights reserved.<\/p>\n\n\n\n<p>This license governs use of the accompanying software. If\nyou use the software, you accept this license. If you do not accept the\nlicense, do not use the software.<\/p>\n\n\n\n<p>1. Definitions<\/p>\n\n\n\n<p>The terms &#8222;reproduce,&#8220; &#8222;reproduction,&#8220;\n&#8222;derivative works,&#8220; and &#8222;distribution&#8220; have the same\nmeaning here as under U.S. copyright law.<\/p>\n\n\n\n<p>A &#8222;contribution&#8220; is the original software, or any\nadditions or changes to the software.<\/p>\n\n\n\n<p>A &#8222;contributor&#8220; is any person that distributes its\ncontribution under this license.<\/p>\n\n\n\n<p>&#8222;Licensed patents&#8220; are a contributor&#8217;s patent\nclaims that read directly on ist contribution.<\/p>\n\n\n\n<p>2. Grant of Rights<\/p>\n\n\n\n<p>(A) Copyright Grant- Subject to the terms of this license,\nincluding the license conditions and limitations in section 3, each contributor\ngrants you a non-exclusive, worldwide, royalty-free copyright license to\nreproduce ist contribution, prepare derivative works of its contribution, and\ndistribute ist contribution or any derivative works that you create.<\/p>\n\n\n\n<p>(B) Patent Grant- Subject to the terms of this license,\nincluding the license conditions and limitations in section 3, each contributor\ngrants you a non-exclusive, worldwide, royalty-free license under its licensed\npatents to make, have made, use, sell, offer for sale, import, and\/or otherwise\ndispose of its contribution in the software or derivative works of the\ncontribution in the software.<\/p>\n\n\n\n<p>3. Conditions and Limitations<\/p>\n\n\n\n<p>(A) No Trademark License- This license does not grant you\nrights to use any contributors&#8216; name, logo, or trademarks.<\/p>\n\n\n\n<p>(B) If you bring a patent claim against any contributor over\npatents that you claim are infringed by the software, your patent license from\nsuch contributor to the software ends automatically.<\/p>\n\n\n\n<p>(C) If you distribute any portion of the software, you must\nretain all copyright, patent, trademark, and attribution notices that are\npresent in the software.<\/p>\n\n\n\n<p>(D) If you distribute any portion of the software in source\ncode form, you may do so only under this license by including a complete copy\nof this license with your distribution. If you distribute any portion of the\nsoftware in compiled or object code form, you may only do so under a license\nthat complies with this license.<\/p>\n\n\n\n<p>(E) The software is licensed &#8222;as-is.&#8220; You bear the\nrisk of using it. The contributors give no express warranties, guarantees or\nconditions. You may have additional consumer rights under your local laws which\nthis license cannot change. To the extent permitted under your local laws, the\ncontributors exclude the implied warranties of merchantability, fitness for a\nparticular purpose and non-infringement.<\/p>\n\n\n\n<p>&#8212;&#8212;&#8212;&#8212;&#8212;&#8212;&#8212;&#8212;&#8212;&#8212;&#8212;&#8212;&#8212;&#8212;&#8212;&#8212;&#8212;&#8212;&#8212;&#8212;&#8212;&#8212;&#8212;&#8212;&#8212;&#8212;-<\/p>\n\n\n\n<p>The MIT License (MIT)<\/p>\n\n\n\n<p>Portions Copyright \u00a9 The Mono.Xna Team<\/p>\n\n\n\n<p>Permission is hereby granted, free of charge, to any person\nobtaining a copy of this software and associated documentation files (the\n&#8222;Software&#8220;), to deal in the Software without restriction, including\nwithout limitation the rights to use, copy, modify, merge, publish, distribute,\nsublicense, and\/or sell copies of the Software, and to permit persons to whom\nthe Software is furnished to do so, subject to the following conditions:<\/p>\n\n\n\n<p>The above copyright notice and this permission notice shall\nbe included in all copies or substantial portions of the Software.<\/p>\n\n\n\n<p>THE SOFTWARE IS PROVIDED &#8222;AS IS&#8220;, WITHOUT WARRANTY\nOF ANY KIND, EXPRESS OR IMPLIED, INCLUDING BUT NOT LIMITED TO THE WARRANTIES OF\nMERCHANTABILITY, FITNESS FOR A PARTICULAR PURPOSE AND NONINFRINGEMENT. IN NO\nEVENT SHALL THE AUTHORS OR COPYRIGHT HOLDERS BE LIABLE FOR ANY CLAIM, DAMAGES\nOR OTHER LIABILITY, WHETHER IN AN ACTION OF CONTRACT, TORT OR OTHERWISE, ARISING\nFROM, OUT OF OR IN CONNECTION WITH THE SOFTWARE OR THE USE OR OTHER DEALINGS IN\nTHE SOFTWARE.<\/p>\n\n\n\n<p><br><\/p>\n","protected":false},"excerpt":{"rendered":"<p>\t\t\t\t<![CDATA[]]>\t\t <a href=\"https:\/\/klassenkarte.de\/index.php\/runcode-2\/lizenz\/\">Weiterlesen <span class=\"meta-nav\">&rarr;<\/span><\/a><\/p>\n","protected":false},"author":1,"featured_media":701,"parent":494,"menu_order":20,"comment_status":"closed","ping_status":"closed","template":"","meta":{"footnotes":""},"class_list":["post-491","page","type-page","status-publish","has-post-thumbnail","hentry"],"_links":{"self":[{"href":"https:\/\/klassenkarte.de\/index.php\/wp-json\/wp\/v2\/pages\/491","targetHints":{"allow":["GET"]}}],"collection":[{"href":"https:\/\/klassenkarte.de\/index.php\/wp-json\/wp\/v2\/pages"}],"about":[{"href":"https:\/\/klassenkarte.de\/index.php\/wp-json\/wp\/v2\/types\/page"}],"author":[{"embeddable":true,"href":"https:\/\/klassenkarte.de\/index.php\/wp-json\/wp\/v2\/users\/1"}],"replies":[{"embeddable":true,"href":"https:\/\/klassenkarte.de\/index.php\/wp-json\/wp\/v2\/comments?post=491"}],"version-history":[{"count":1,"href":"https:\/\/klassenkarte.de\/index.php\/wp-json\/wp\/v2\/pages\/491\/revisions"}],"predecessor-version":[{"id":730,"href":"https:\/\/klassenkarte.de\/index.php\/wp-json\/wp\/v2\/pages\/491\/revisions\/730"}],"up":[{"embeddable":true,"href":"https:\/\/klassenkarte.de\/index.php\/wp-json\/wp\/v2\/pages\/494"}],"wp:featuredmedia":[{"embeddable":true,"href":"https:\/\/klassenkarte.de\/index.php\/wp-json\/wp\/v2\/media\/701"}],"wp:attachment":[{"href":"https:\/\/klassenkarte.de\/index.php\/wp-json\/wp\/v2\/media?parent=491"}],"curies":[{"name":"wp","href":"https:\/\/api.w.org\/{rel}","templated":true}]}}