{"id":545,"date":"2019-05-11T09:16:44","date_gmt":"2019-05-11T07:16:44","guid":{"rendered":"http:\/\/klassenkarte.de\/?page_id=545"},"modified":"2020-09-28T08:37:52","modified_gmt":"2020-09-28T06:37:52","slug":"screencaster","status":"publish","type":"page","link":"https:\/\/klassenkarte.de\/index.php\/tools\/screencaster\/","title":{"rendered":"ScreenCaster"},"content":{"rendered":"<p><!--[CDATA[\n<\/p--><\/p>\n\n\n<p class=\"has-medium-font-size\"><strong>Allgemeine Informationen<\/strong><\/p>\n\n\n\n<p>Im Informatikunterricht ist es ein h\u00e4ufiger Sch\u00fclerwunsch, dass das Beamerbild auch auf ihren Bildschirmen angezeigt wird. Egal an welcher Schule ich bisher war, Softwarel\u00f6sungen haben hier nie 100% funktioniert. Was mich (und v.a. die Sch\u00fcller)  immer st\u00f6rte, war, dass der Sch\u00fcler-PC im P\u00e4sentationsmodus komplett geblockt war. Daher habe ich mal in einer freien Minute eine Software mit folgenden Anspr\u00fcchen zusammen gestrickt:<\/p>\n\n\n\n<ul class=\"wp-block-list\"><li>Zuverl\u00e4ssige \u00dcbertragung des Bildes vom Lehrer-PC auf Sch\u00fcler-PC mit einer Aktualisierungsrate von etwa einem Bild pro Sekunde.<\/li><li>Sch\u00fcler sollen selber entscheiden k\u00f6nnen, ob sie das Bild sehen wollen oder nicht<\/li><li>L\u00e4uft unter Java (und somit auf jedem System)<\/li><li>Angezeigtes Bild soll in einem skalierbaren Fenster erscheinen.<\/li><\/ul>\n\n\n\n<p>Das Programm habe ich seit dem Abschluss des Biberwettbewerbs 2018 &#8211; findige Detektive k\u00f6nnten da einen Zusammenhang erkennen &#8211; im Einsatz und die Situation hat sich seitdem merklich verbessert.<\/p>\n\n\n\n<p><strong>Bedienung Lehrer-PC<\/strong><\/p>\n\n\n\n<ul class=\"wp-block-list\"><li>Zip-Ordner (am besten am Desktop) entpacken.<\/li><li>&#8222;Start Teacher.bat&#8220; starten. Das Script enth\u00e4lt nur einen einzigen Aufruf, n\u00e4mlich &#8222;java Main&#8220;<\/li><li>Es erscheint ein Konsolenfenster. Es wird angezeigt, wenn ein Bild \u00fcbertragen wird.<\/li><li>Zum Beenden der \u00dcbertragung einfach das Konsolenfenster wieder schlie\u00dfen.<\/li><\/ul>\n\n\n\n<p><strong>Bedienung Sch\u00fcler<\/strong><\/p>\n\n\n\n<ul class=\"wp-block-list\"><li>Mit dem &#8222;Start Student.bat&#8220; Script k\u00f6nnen die Sch\u00fcler die \u00dcbertragung starten. Dieses Script enth\u00e4lt einen Aufruf und muss vorab angepasst werden. Aktuell lautet der Aufruf &#8222;java Client R106-1&#8220;. <em>R106-1<\/em> ist der Lehrer-Rechner, der die Bilder zur Verf\u00fcgung stellt. Dort muss der Lehrer-Rechner eingetragen werden (alternativ funktioniert auch die IP-Adresse).<\/li><li>Sch\u00fcler sollen sich am besten den Ordner auf dem Desktop kopieren<\/li><li>Starten mit dem &#8222;Start Student.bat&#8220; Script (Doppelklick)<\/li><li>Beenden durch Schlie\u00dfen des Konsolenfensters.<\/li><\/ul>\n\n\n\n<p class=\"has-medium-font-size\"><strong>Lizenz<\/strong><\/p>\n\n\n\n<p>Das Programm kann man sich hier samt Java-Sourcen herunterladen. Jeder kann gerne den Code erweitern, verbessern oder f\u00fcr seine Zwecke anpassen. Sie steht unter der <a href=\"https:\/\/creativecommons.org\/\">Creative Commons<\/a> Lizenz <a href=\"https:\/\/creativecommons.org\/licenses\/by-sa\/2.0\/de\/legalcode\">CC-BY-SA<\/a>.<\/p>\n\n\n\n<p class=\"has-medium-font-size\"><strong>Download<\/strong><\/p>\n\n\n\n<p>Link: <a href=\"http:\/\/klassenkarte.de\/wp-content\/uploads\/2019\/05\/ScreenCaster_V0.2.zip\">ScreenCaster_V0.2.zip<\/a><\/p>\n","protected":false},"excerpt":{"rendered":"<p>\t\t\t\t<![CDATA[]]>\t\t <a href=\"https:\/\/klassenkarte.de\/index.php\/tools\/screencaster\/\">Weiterlesen <span class=\"meta-nav\">&rarr;<\/span><\/a><\/p>\n","protected":false},"author":1,"featured_media":0,"parent":543,"menu_order":1000,"comment_status":"closed","ping_status":"closed","template":"","meta":{"footnotes":""},"class_list":["post-545","page","type-page","status-publish","hentry"],"_links":{"self":[{"href":"https:\/\/klassenkarte.de\/index.php\/wp-json\/wp\/v2\/pages\/545","targetHints":{"allow":["GET"]}}],"collection":[{"href":"https:\/\/klassenkarte.de\/index.php\/wp-json\/wp\/v2\/pages"}],"about":[{"href":"https:\/\/klassenkarte.de\/index.php\/wp-json\/wp\/v2\/types\/page"}],"author":[{"embeddable":true,"href":"https:\/\/klassenkarte.de\/index.php\/wp-json\/wp\/v2\/users\/1"}],"replies":[{"embeddable":true,"href":"https:\/\/klassenkarte.de\/index.php\/wp-json\/wp\/v2\/comments?post=545"}],"version-history":[{"count":1,"href":"https:\/\/klassenkarte.de\/index.php\/wp-json\/wp\/v2\/pages\/545\/revisions"}],"predecessor-version":[{"id":728,"href":"https:\/\/klassenkarte.de\/index.php\/wp-json\/wp\/v2\/pages\/545\/revisions\/728"}],"up":[{"embeddable":true,"href":"https:\/\/klassenkarte.de\/index.php\/wp-json\/wp\/v2\/pages\/543"}],"wp:attachment":[{"href":"https:\/\/klassenkarte.de\/index.php\/wp-json\/wp\/v2\/media?parent=545"}],"curies":[{"name":"wp","href":"https:\/\/api.w.org\/{rel}","templated":true}]}}