{"id":66,"date":"2012-08-29T01:53:50","date_gmt":"2012-08-28T23:53:50","guid":{"rendered":"http:\/\/klassenkarte.de\/?page_id=66"},"modified":"2020-09-28T08:51:43","modified_gmt":"2020-09-28T06:51:43","slug":"haftungsausschlusslizenz","status":"publish","type":"page","link":"https:\/\/klassenkarte.de\/index.php\/orinoco\/haftungsausschlusslizenz\/","title":{"rendered":"Haftungsausschluss\/Lizenz"},"content":{"rendered":"<p><![CDATA[<em]]>Orinoco darf kostenlos f\u00fcr schulische Zwecke vervielf\u00e4ltigt und eingesetzt werden. Kommerzielle Verwendung ist ausdr\u00fccklich untersagt, wenn keine schriftliche Genehmigung vom Autor vorliegt. Es ist ebenso untersagt, Ver\u00e4nderungen an dem Programm vorzunehmen. Die Verwendung von <em>Orinoco<\/em> erfolgt auf eigenes Risiko, der Autor ist nicht f\u00fcr Fehler oder Folgen, die aus der Verwendung von <em>Orinoco<\/em> resultieren, haftbar zu machen. Sofern Teile oder einzelne Formulierungen dieses Textes der geltenden Rechtslage nicht, nicht mehr oder nicht vollst\u00e4ndig entsprechen sollten, bleiben die \u00fcbrigen Teile des Dokumentes in ihrem Inhalt und ihrer G\u00fcltigkeit davon unber\u00fchrt.<\/p>\n","protected":false},"excerpt":{"rendered":"<p>\t\t\t\t<![CDATA[]]>\t\t <a href=\"https:\/\/klassenkarte.de\/index.php\/orinoco\/haftungsausschlusslizenz\/\">Weiterlesen <span class=\"meta-nav\">&rarr;<\/span><\/a><\/p>\n","protected":false},"author":1,"featured_media":652,"parent":15,"menu_order":200,"comment_status":"closed","ping_status":"closed","template":"","meta":{"footnotes":""},"class_list":["post-66","page","type-page","status-publish","has-post-thumbnail","hentry"],"_links":{"self":[{"href":"https:\/\/klassenkarte.de\/index.php\/wp-json\/wp\/v2\/pages\/66","targetHints":{"allow":["GET"]}}],"collection":[{"href":"https:\/\/klassenkarte.de\/index.php\/wp-json\/wp\/v2\/pages"}],"about":[{"href":"https:\/\/klassenkarte.de\/index.php\/wp-json\/wp\/v2\/types\/page"}],"author":[{"embeddable":true,"href":"https:\/\/klassenkarte.de\/index.php\/wp-json\/wp\/v2\/users\/1"}],"replies":[{"embeddable":true,"href":"https:\/\/klassenkarte.de\/index.php\/wp-json\/wp\/v2\/comments?post=66"}],"version-history":[{"count":1,"href":"https:\/\/klassenkarte.de\/index.php\/wp-json\/wp\/v2\/pages\/66\/revisions"}],"predecessor-version":[{"id":744,"href":"https:\/\/klassenkarte.de\/index.php\/wp-json\/wp\/v2\/pages\/66\/revisions\/744"}],"up":[{"embeddable":true,"href":"https:\/\/klassenkarte.de\/index.php\/wp-json\/wp\/v2\/pages\/15"}],"wp:featuredmedia":[{"embeddable":true,"href":"https:\/\/klassenkarte.de\/index.php\/wp-json\/wp\/v2\/media\/652"}],"wp:attachment":[{"href":"https:\/\/klassenkarte.de\/index.php\/wp-json\/wp\/v2\/media?parent=66"}],"curies":[{"name":"wp","href":"https:\/\/api.w.org\/{rel}","templated":true}]}}