{"id":809,"date":"2021-01-02T14:52:27","date_gmt":"2021-01-02T13:52:27","guid":{"rendered":"https:\/\/klassenkarte.de\/?page_id=809"},"modified":"2025-11-02T16:45:30","modified_gmt":"2025-11-02T15:45:30","slug":"orinoco-online","status":"publish","type":"page","link":"https:\/\/klassenkarte.de\/index.php\/orinoco\/orinoco-online\/","title":{"rendered":"Orinoco Online"},"content":{"rendered":"\n<p>Wenn man Orinoco nicht als Windows-Desktop-Anwendung starten will (oder kann), so steht einem die JavaScript-Alternative zur Verf\u00fcgung. <em>Orinoco Online<\/em> ist zwar nicht so leistungsf\u00e4hig wie sein gro\u00dfer Bruder, aber f\u00fcr die meisten Themen im Unterricht m\u00fcsste er ausreichen. Man kann die Online-Version unter folgenden Links \u00f6ffnen: <a href=\"https:\/\/klassenkarte.de\/oo\">https:\/\/klassenkarte.de\/oo<\/a> oder <a href=\"https:\/\/klassenkarte.de\/orinoco-online\">https:\/\/klassenkarte.de\/orinoco-online<\/a><\/p>\n\n\n\n<figure class=\"wp-block-embed is-type-rich is-provider-handler-einbetten wp-block-embed-handler-einbetten wp-embed-aspect-16-9 wp-has-aspect-ratio\"><div class=\"wp-block-embed__wrapper\">\n<iframe loading=\"lazy\" title=\"Orinoco Online (Beispiel: BMI)\" width=\"584\" height=\"329\" src=\"https:\/\/www.youtube.com\/embed\/OM2Nm0G_lSk?feature=oembed\" frameborder=\"0\" allow=\"accelerometer; autoplay; clipboard-write; encrypted-media; gyroscope; picture-in-picture; web-share\" referrerpolicy=\"strict-origin-when-cross-origin\" allowfullscreen><\/iframe>\n<\/div><figcaption class=\"wp-element-caption\">Beispiel: So funktioniert Orinoco Online<\/figcaption><\/figure>\n\n\n\n<h2 class=\"wp-block-heading\">Einschr\u00e4nkungen im Vergleich zur Desktop-Anwendung<\/h2>\n\n\n\n<ul class=\"wp-block-list\">\n<li>Keine Rekursion m\u00f6glich<\/li>\n\n\n\n<li>Keine benutzerdefinierten Funktionen erstellbar<\/li>\n\n\n\n<li>Kein speichern bzw. laden. Lediglich das Bild kann man kopieren bzw. speichern (Rechtsklick).<\/li>\n\n\n\n<li>Keine Umwandlung in Termnotation m\u00f6glich<\/li>\n\n\n\n<li>Keine Datenflussanimationen<\/li>\n\n\n\n<li>Keine interne Tabelle mit Zellbez\u00fcgen (somit auch kein Bereichsoperator)<\/li>\n\n\n\n<li>Sehr neu (02.01.2021), somit noch nicht gut getestet. Man kann davon ausgehen, dass es einige Bugs gibt. \u00dcber eine R\u00fcckmeldung bei Fehlern w\u00fcrde ich mich freuen.<\/li>\n<\/ul>\n\n\n\n<h2 class=\"wp-block-heading\">Implementierte Funktionen, die zu Tabellenkalkulationssystemen kompatibel sein sollten:<\/h2>\n\n\n\n<ul class=\"wp-block-list\">\n<li>ABRUNDEN<\/li>\n\n\n\n<li>ABS<\/li>\n\n\n\n<li>ANZAHL<\/li>\n\n\n\n<li>AUFRUNDEN<\/li>\n\n\n\n<li>CODE<\/li>\n\n\n\n<li>DATUM<\/li>\n\n\n\n<li>FINDEN<\/li>\n\n\n\n<li>GANZZAHL<\/li>\n\n\n\n<li>GROSS<\/li>\n\n\n\n<li>HEUTE<\/li>\n\n\n\n<li>IDENTIT\u00c4T<\/li>\n\n\n\n<li>JAHR<\/li>\n\n\n\n<li>JETZT<\/li>\n\n\n\n<li>KLEIN<\/li>\n\n\n\n<li>L\u00c4NGE<\/li>\n\n\n\n<li>LINKS<\/li>\n\n\n\n<li>MAX<\/li>\n\n\n\n<li>MIN<\/li>\n\n\n\n<li>MINUTE<\/li>\n\n\n\n<li>MITTELWERT<\/li>\n\n\n\n<li>MONAT<\/li>\n\n\n\n<li>NICHT<\/li>\n\n\n\n<li>ODER<\/li>\n\n\n\n<li>OBERGRENZE<\/li>\n\n\n\n<li>POTENZ<\/li>\n\n\n\n<li>PRODUKT<\/li>\n\n\n\n<li>QUOTIENT<\/li>\n\n\n\n<li>QUADRIEREN<\/li>\n\n\n\n<li>RECHTS<\/li>\n\n\n\n<li>REST<\/li>\n\n\n\n<li>RUNDEN<\/li>\n\n\n\n<li>SEKUNDE<\/li>\n\n\n\n<li>STUNDE<\/li>\n\n\n\n<li>SUMME<\/li>\n\n\n\n<li>TAG<\/li>\n\n\n\n<li>TEIL<\/li>\n\n\n\n<li>UND<\/li>\n\n\n\n<li>VERKETTEN<\/li>\n\n\n\n<li>VORZEICHEN<\/li>\n\n\n\n<li>WECHSELN<\/li>\n\n\n\n<li>WENN<\/li>\n\n\n\n<li>WOCHENTAG<\/li>\n\n\n\n<li>WURZEL<\/li>\n\n\n\n<li>ZEICHEN<\/li>\n\n\n\n<li>ZEIT<\/li>\n\n\n\n<li>ZUFALLSZAHL<\/li>\n<\/ul>\n\n\n\n<p>Es stehen auch die \u00fcblichen Operatoren (+,-,&lt;,&#8230;) zur Verf\u00fcgung.<\/p>\n","protected":false},"excerpt":{"rendered":"<p>Wenn man Orinoco nicht als Windows-Desktop-Anwendung starten will (oder kann), so steht einem die JavaScript-Alternative zur Verf\u00fcgung. Orinoco Online ist zwar nicht so leistungsf\u00e4hig wie sein gro\u00dfer Bruder, aber f\u00fcr die meisten Themen im Unterricht m\u00fcsste er ausreichen. Man kann &hellip; <a href=\"https:\/\/klassenkarte.de\/index.php\/orinoco\/orinoco-online\/\">Weiterlesen <span class=\"meta-nav\">&rarr;<\/span><\/a><\/p>\n","protected":false},"author":1,"featured_media":0,"parent":15,"menu_order":400,"comment_status":"closed","ping_status":"closed","template":"","meta":{"footnotes":""},"class_list":["post-809","page","type-page","status-publish","hentry"],"_links":{"self":[{"href":"https:\/\/klassenkarte.de\/index.php\/wp-json\/wp\/v2\/pages\/809","targetHints":{"allow":["GET"]}}],"collection":[{"href":"https:\/\/klassenkarte.de\/index.php\/wp-json\/wp\/v2\/pages"}],"about":[{"href":"https:\/\/klassenkarte.de\/index.php\/wp-json\/wp\/v2\/types\/page"}],"author":[{"embeddable":true,"href":"https:\/\/klassenkarte.de\/index.php\/wp-json\/wp\/v2\/users\/1"}],"replies":[{"embeddable":true,"href":"https:\/\/klassenkarte.de\/index.php\/wp-json\/wp\/v2\/comments?post=809"}],"version-history":[{"count":3,"href":"https:\/\/klassenkarte.de\/index.php\/wp-json\/wp\/v2\/pages\/809\/revisions"}],"predecessor-version":[{"id":1178,"href":"https:\/\/klassenkarte.de\/index.php\/wp-json\/wp\/v2\/pages\/809\/revisions\/1178"}],"up":[{"embeddable":true,"href":"https:\/\/klassenkarte.de\/index.php\/wp-json\/wp\/v2\/pages\/15"}],"wp:attachment":[{"href":"https:\/\/klassenkarte.de\/index.php\/wp-json\/wp\/v2\/media?parent=809"}],"curies":[{"name":"wp","href":"https:\/\/api.w.org\/{rel}","templated":true}]}}