{"id":95,"date":"2012-08-29T18:41:13","date_gmt":"2012-08-29T16:41:13","guid":{"rendered":"http:\/\/klassenkarte.de\/?page_id=95"},"modified":"2020-09-28T08:52:55","modified_gmt":"2020-09-28T06:52:55","slug":"95-2","status":"publish","type":"page","link":"https:\/\/klassenkarte.de\/index.php\/orinoco\/online-anleitung\/95-2\/","title":{"rendered":"Die graphische Benutzeroberfl\u00e4che"},"content":{"rendered":"<p><![CDATA[\n\n\n<p style=\"text-align: justify;\"]]>Bei <em>Orinoco<\/em> handelt es sich um eine typische Fensteranwendung, in der mehrere Dokumente (in diesem Fall Datenflussdiagramme) gleichzeitig angezeigt werden k\u00f6nnen.<\/p>\n<h2 style=\"text-align: justify;\">Das Hauptfenster<\/h2>\n<p style=\"text-align: justify;\"><a href=\"https:\/\/klassenkarte.de\/wp-content\/uploads\/2012\/08\/Orinoco-MDI.png\"><img loading=\"lazy\" decoding=\"async\" class=\"alignnone size-full wp-image-107\" title=\"Orinoco Fenster\" src=\"https:\/\/klassenkarte.de\/wp-content\/uploads\/2012\/08\/Orinoco-MDI.png\" alt=\"\" width=\"672\" height=\"592\" \/><\/a><\/p>\n<p style=\"text-align: justify;\">Im Men\u00fc <strong>Datei<\/strong> kann ein neues Datenflussdiagramm-Fenster erzeugt, ein gespeichertes Datenflussdiagramm geladen bzw. abgespeichert, das aktuelle Diagramm als Grafikdatei exportiert, ausgedruckt oder geschlossen werden. Beim Laden muss darauf geachtet werden, dass nicht bereits ein Datenflussdiagram mit gleichem Namen im System gespeichert ist, da dies zu einem Konflikt f\u00fchren w\u00fcrde. Der Men\u00fcpunkt <strong>schlie\u00dfen<\/strong> entfernt ein Datenflussdiagramm aus dem System. Ein Wegklicken des betreffenden Fensters alleine reicht hierzu nicht aus.<\/p>\n<p style=\"text-align: justify;\">Im Men\u00fcpunkt <strong>Bearbeiten<\/strong> stehen zwei Unterpunkte zur Auswahl. Zum einen kann man das Bild des aktuell ausgew\u00e4hlten Datenflussdiagramms in die Zwischenablage kopieren, was zur weiteren Verarbeitung mit beispielsweise MS Word oder PowerPoint f\u00fcr die Lehrkraft hilfreich ist. Zum anderen kann man die Darstellung in einen schwarz-wei\u00df-Modus umstellen. Diese Funktion ist f\u00fcr die Erstellung von Arbeitsbl\u00e4ttern oder schriftlichen Leistungserhebungen gedacht, da dort eine farbliche Darstellung nachteilig sein kann.<\/p>\n<p style=\"text-align: justify;\">Der Men\u00fcpunkt <strong>Fenster<\/strong> bietet zwei Funktionen f\u00fcr das automatische Arrangement der Fenster auf horizontale bzw. vertikale Art und Weise. Au\u00dferdem lassen sich unter <strong>Anzeigen<\/strong> alle aktuell im System vorhandenen selbst erstellten Datenflussdiagramme anzeigen (auch wenn die entsprechenden Fenster durch Druck auf den X-Knopf geschlossen wurden).<\/p>\n<p style=\"text-align: justify;\">In der Werkzeugleiste befinden sich folgende Kn\u00f6pfe:<\/p>\n<p style=\"text-align: justify;\"><a href=\"http:\/\/www.klassenkarte.de\/wp-content\/uploads\/2012\/08\/Orinoco-Icon-NeuesDokument.png\"><img loading=\"lazy\" decoding=\"async\" class=\"alignnone size-full wp-image-117\" title=\"Orinoco-Icon-NeuesDokument\" src=\"http:\/\/www.klassenkarte.de\/wp-content\/uploads\/2012\/08\/Orinoco-Icon-NeuesDokument.png\" alt=\"\" width=\"31\" height=\"30\" \/><\/a> Erzeugt ein neues Datenflussdiagrammfenster.<\/p>\n<p style=\"text-align: justify;\"><a href=\"http:\/\/www.klassenkarte.de\/wp-content\/uploads\/2012\/08\/Orinoco-Icon-Speichern.png\"><img loading=\"lazy\" decoding=\"async\" class=\"alignnone size-full wp-image-111\" title=\"Orinoco-Icon-Speichern\" src=\"http:\/\/www.klassenkarte.de\/wp-content\/uploads\/2012\/08\/Orinoco-Icon-Speichern.png\" alt=\"\" width=\"27\" height=\"26\" \/><\/a> Speichert das Datenflussdiagramm in eine Datei.<\/p>\n<p style=\"text-align: justify;\"><a href=\"http:\/\/www.klassenkarte.de\/wp-content\/uploads\/2012\/08\/Orinoco-Icon-Tabelle.png\"><img loading=\"lazy\" decoding=\"async\" class=\"alignnone size-full wp-image-112\" title=\"Orinoco-Icon-Tabelle\" src=\"http:\/\/www.klassenkarte.de\/wp-content\/uploads\/2012\/08\/Orinoco-Icon-Tabelle.png\" alt=\"\" width=\"26\" height=\"28\" \/><\/a> \u00d6ffnet ein Fenster, das eine Tabelle im Tabellenkalkulationssystem-Stil anzeigt. Auf die dort eingegebenen Daten kann mittels Zellreferenzen zur\u00fcckgegriffen werden.<\/p>\n<p style=\"text-align: justify;\"><a href=\"http:\/\/www.klassenkarte.de\/wp-content\/uploads\/2012\/08\/Orinoco-Icon-Elementgr\u00f6\u00dfe.png\"><img loading=\"lazy\" decoding=\"async\" class=\"alignnone size-full wp-image-113\" title=\"Orinoco-Icon-Elementgr\u00f6\u00dfe\" src=\"http:\/\/www.klassenkarte.de\/wp-content\/uploads\/2012\/08\/Orinoco-Icon-Elementgr\u00f6\u00dfe.png\" alt=\"\" width=\"165\" height=\"21\" \/><\/a> Hier kann die Gr\u00f6\u00dfe der Elemente des gerade angezeigten Datenflussdiagramms angepasst werden.<\/p>\n<p style=\"text-align: justify;\"><a href=\"http:\/\/www.klassenkarte.de\/wp-content\/uploads\/2012\/08\/Orinoco-Icon-Umbenennen.png\"><img loading=\"lazy\" decoding=\"async\" class=\"alignnone size-full wp-image-114\" title=\"Orinoco-Icon-Umbenennen\" src=\"http:\/\/www.klassenkarte.de\/wp-content\/uploads\/2012\/08\/Orinoco-Icon-Umbenennen.png\" alt=\"\" width=\"253\" height=\"25\" \/><\/a> Zeigt den Namen des gerade im Vordergrund stehenden Datenflussdiagramms an. Der Name kann im Textfeld editiert werden. Danach muss der Knopf \u201eUmbenennen\u201c gedr\u00fcckt oder die Eingabetaste (Return) bet\u00e4tigt werden.<\/p>\n<p style=\"text-align: justify;\"><a href=\"http:\/\/www.klassenkarte.de\/wp-content\/uploads\/2012\/08\/Orinoco-Icon-Berechnen.png\"><img loading=\"lazy\" decoding=\"async\" class=\"alignnone size-full wp-image-115\" title=\"Orinoco-Icon-Berechnen\" src=\"http:\/\/www.klassenkarte.de\/wp-content\/uploads\/2012\/08\/Orinoco-Icon-Berechnen.png\" alt=\"\" width=\"33\" height=\"29\" \/><\/a> \u00d6ffnet ein Fenster, in dem <em>Orinoco<\/em> die Ausgaben f\u00fcr das gerade angezeigte Datenflussdiagramm berechnet.<\/p>\n<p style=\"text-align: justify;\"><a href=\"http:\/\/www.klassenkarte.de\/wp-content\/uploads\/2012\/08\/Orinoco-Icon-Term.png\"><img loading=\"lazy\" decoding=\"async\" class=\"alignnone size-full wp-image-116\" title=\"Orinoco-Icon-Term\" src=\"http:\/\/www.klassenkarte.de\/wp-content\/uploads\/2012\/08\/Orinoco-Icon-Term.png\" alt=\"\" width=\"34\" height=\"26\" \/><\/a> Zeigt das gerade im Vordergrund stehende Datenflussdiagramm als Term an.<\/p>\n<h2 style=\"text-align: justify;\">Das Diagrammfenster<\/h2>\n<p style=\"text-align: justify;\"><a href=\"http:\/\/www.klassenkarte.de\/wp-content\/uploads\/2012\/08\/Orinoco-Fenster-Berechnungen.png\"><img loading=\"lazy\" decoding=\"async\" class=\"alignright  wp-image-119\" title=\"Fenster f\u00fcr Berechnungen\" src=\"http:\/\/www.klassenkarte.de\/wp-content\/uploads\/2012\/08\/Orinoco-Fenster-Berechnungen.png\" alt=\"\" width=\"273\" height=\"247\" \/><\/a>Auf der linken Seite des Diagrammfensters steht eine Werkzeugleiste zur Verf\u00fcgung, mit der man Elemente in das Datenflussdiagramm einbringen kann. Elemente lassen sich, nachdem sie gesetzt wurden, nachtr\u00e4glich auch verschieben. Dazu f\u00e4hrt man mit dem Mauszeiger \u00fcber das Element und h\u00e4lt den linken Mausknopf so lange gedr\u00fcckt, bis sich dieses an der gew\u00fcnschten Stelle befindet (Drag &amp; Drop-Prinzip). Will man von einem Element zum anderen einen Datenfluss einzeichnen, so klickt man mit der rechten Maustaste auf das Startelement und zieht den Pfeil bei weiterhin gedr\u00fcckter rechter Maustaste auf das Zielelement. Zum Bearbeiten (z.B. umbenennen) f\u00fchrt man auf dem Kontrollelement einen Doppelklick aus, wonach sich ein Fenster f\u00fcr eine Eingabe \u00f6ffnet.<\/p>\n<p style=\"text-align: justify;\">Das Eingabefenster f\u00fcr Funktionen hebt sich von den anderen Eingabefenstern ab, da es vordefinierte und selbst entwickelte Funktionen in der linken Box anzeigt. Dort kann man die Funktion, die man verwenden will, durch einen Doppelklick selektieren. Vermisst man eine eigene definierte Funktion, kann es daran liegen, dass dieses Datenflussdiagramm nicht \u00fcber genau eine Ausgabe verf\u00fcgt. Die vordefinierten Funktionen entsprechen denen einschl\u00e4giger Tabellenkalkulationssystemen. Die angezeigten Funktionen lassen sich nach Kategorien filtern.<\/p>\n<h2 style=\"text-align: justify;\">Datenflussdiagramme auswerten<\/h2>\n<p style=\"text-align: justify;\">Klickt man auf den Knopf mit dem Zahnradsymbol in der Werkzeugleiste, so \u00f6ffnet sich ein weiteres Fenster. F\u00fcr jedes Eingabeelement im Datenflussdiagramm erscheint ein Textfeld, in dem der Benutzer Werte eintragen kann. Ebenso erscheint f\u00fcr jedes Ausgabeelement ein Bereich, in dem das jeweilige Ergebnis angezeigt wird. Die Berechnung einer Ausgabe startet wenn der Knopf \u201eBerechnen\u201c gedr\u00fcckt wird.<\/p>\n<p style=\"text-align: justify;\">Unter Visualisierung kann eingestellt werden, wie Zwischenergebnisse im Datenflussdiagramm selber dargestellt werden. Bei \u201eTeilergebnisse\u201c erscheint bei der Pfeilspitze eines jedem Datenflusses der \u00fcbermittelte Wert. Bei \u201eDatenfl\u00fcsse\u201c wird die \u00dcbermittlung der Werte in Form einer simulierten Bewegung dargestellt. Die Visualisierung kann durch \u201ekeine\u201c komplett abgeschaltet werden. Berechnungen lassen sich jederzeit abbrechen.<\/p>\n<p style=\"text-align: justify;\">Rekursive Berechnungen sind auf maximal 10.000 rekursive Aufrufe beschr\u00e4nkt. Wird w\u00e4hrend der Auswertung diese Zahl \u00fcberschritten, so bricht das System mit einer entsprechenden Fehlermeldung ab.<\/p>\n","protected":false},"excerpt":{"rendered":"<p>\t\t\t\t<![CDATA[]]>\t\t <a href=\"https:\/\/klassenkarte.de\/index.php\/orinoco\/online-anleitung\/95-2\/\">Weiterlesen <span class=\"meta-nav\">&rarr;<\/span><\/a><\/p>\n","protected":false},"author":1,"featured_media":652,"parent":64,"menu_order":30,"comment_status":"closed","ping_status":"open","template":"","meta":{"footnotes":""},"class_list":["post-95","page","type-page","status-publish","has-post-thumbnail","hentry"],"_links":{"self":[{"href":"https:\/\/klassenkarte.de\/index.php\/wp-json\/wp\/v2\/pages\/95","targetHints":{"allow":["GET"]}}],"collection":[{"href":"https:\/\/klassenkarte.de\/index.php\/wp-json\/wp\/v2\/pages"}],"about":[{"href":"https:\/\/klassenkarte.de\/index.php\/wp-json\/wp\/v2\/types\/page"}],"author":[{"embeddable":true,"href":"https:\/\/klassenkarte.de\/index.php\/wp-json\/wp\/v2\/users\/1"}],"replies":[{"embeddable":true,"href":"https:\/\/klassenkarte.de\/index.php\/wp-json\/wp\/v2\/comments?post=95"}],"version-history":[{"count":1,"href":"https:\/\/klassenkarte.de\/index.php\/wp-json\/wp\/v2\/pages\/95\/revisions"}],"predecessor-version":[{"id":747,"href":"https:\/\/klassenkarte.de\/index.php\/wp-json\/wp\/v2\/pages\/95\/revisions\/747"}],"up":[{"embeddable":true,"href":"https:\/\/klassenkarte.de\/index.php\/wp-json\/wp\/v2\/pages\/64"}],"wp:featuredmedia":[{"embeddable":true,"href":"https:\/\/klassenkarte.de\/index.php\/wp-json\/wp\/v2\/media\/652"}],"wp:attachment":[{"href":"https:\/\/klassenkarte.de\/index.php\/wp-json\/wp\/v2\/media?parent=95"}],"curies":[{"name":"wp","href":"https:\/\/api.w.org\/{rel}","templated":true}]}}