{"id":98,"date":"2012-08-29T18:42:58","date_gmt":"2012-08-29T16:42:58","guid":{"rendered":"http:\/\/klassenkarte.de\/?page_id=98"},"modified":"2020-09-28T08:53:12","modified_gmt":"2020-09-28T06:53:12","slug":"systemvoraussetzungen-und-installation","status":"publish","type":"page","link":"https:\/\/klassenkarte.de\/index.php\/orinoco\/online-anleitung\/systemvoraussetzungen-und-installation\/","title":{"rendered":"Systemvoraussetzungen und Installation"},"content":{"rendered":"<p><![CDATA[\n\n\n<p style=\"text-align: justify;\"]]><em>Orinoco<\/em> l\u00e4uft auf dem Microsoft Windows Betriebssystem. Dabei muss auf dem Computer .NET 4.0 installiert sein. Auf moderneren Windows-Versionen (ab Windows Vista) ist .NET 4.0 standardm\u00e4\u00dfig installiert. Bei \u00e4lteren Systemen, beispielsweise Windows XP, muss das .NET 4.0 nachtr\u00e4glich installiert werden. Das geschieht am einfachsten \u00fcber das \u201eWindows Update\u201c (-&gt; optionales Update). Alternativ kann man .NET 4.0 auch auf der Microsoft-Seite herunterladen.<\/p>\n<p style=\"text-align: justify;\">Einen Installationsprozess gibt es in diesem Sinne nicht. <em>Orinoco<\/em> besteht nur aus einer einzigen f\u00fcr sich lauff\u00e4higen .exe-Datei ohne weitere Abh\u00e4ngigkeiten. Der Vorteil ist, dass man die Programmdatei lediglich in ein Netzwerkverzeichnis legen braucht. \u00a0Orinoco.exe kann dann direkt (z.B. \u00fcber eine Verkn\u00fcpfung) von Sch\u00fclerrechnern aus ohne aufw\u00e4ndige Installation gestartet werden.<\/p>\n","protected":false},"excerpt":{"rendered":"<p>\t\t\t\t<![CDATA[]]>\t\t <a href=\"https:\/\/klassenkarte.de\/index.php\/orinoco\/online-anleitung\/systemvoraussetzungen-und-installation\/\">Weiterlesen <span class=\"meta-nav\">&rarr;<\/span><\/a><\/p>\n","protected":false},"author":1,"featured_media":652,"parent":64,"menu_order":20,"comment_status":"closed","ping_status":"open","template":"","meta":{"footnotes":""},"class_list":["post-98","page","type-page","status-publish","has-post-thumbnail","hentry"],"_links":{"self":[{"href":"https:\/\/klassenkarte.de\/index.php\/wp-json\/wp\/v2\/pages\/98","targetHints":{"allow":["GET"]}}],"collection":[{"href":"https:\/\/klassenkarte.de\/index.php\/wp-json\/wp\/v2\/pages"}],"about":[{"href":"https:\/\/klassenkarte.de\/index.php\/wp-json\/wp\/v2\/types\/page"}],"author":[{"embeddable":true,"href":"https:\/\/klassenkarte.de\/index.php\/wp-json\/wp\/v2\/users\/1"}],"replies":[{"embeddable":true,"href":"https:\/\/klassenkarte.de\/index.php\/wp-json\/wp\/v2\/comments?post=98"}],"version-history":[{"count":1,"href":"https:\/\/klassenkarte.de\/index.php\/wp-json\/wp\/v2\/pages\/98\/revisions"}],"predecessor-version":[{"id":748,"href":"https:\/\/klassenkarte.de\/index.php\/wp-json\/wp\/v2\/pages\/98\/revisions\/748"}],"up":[{"embeddable":true,"href":"https:\/\/klassenkarte.de\/index.php\/wp-json\/wp\/v2\/pages\/64"}],"wp:featuredmedia":[{"embeddable":true,"href":"https:\/\/klassenkarte.de\/index.php\/wp-json\/wp\/v2\/media\/652"}],"wp:attachment":[{"href":"https:\/\/klassenkarte.de\/index.php\/wp-json\/wp\/v2\/media?parent=98"}],"curies":[{"name":"wp","href":"https:\/\/api.w.org\/{rel}","templated":true}]}}